{"id":1376,"date":"2025-02-11T10:39:23","date_gmt":"2025-02-11T09:39:23","guid":{"rendered":"https:\/\/www.camilbofill.com\/?page_id=1376"},"modified":"2025-02-11T10:41:13","modified_gmt":"2025-02-11T09:41:13","slug":"aviso-legal","status":"publish","type":"page","link":"https:\/\/www.camilbofill.com\/ca\/aviso-legal\/","title":{"rendered":"Aviso legal"},"content":{"rendered":"<div data-elementor-type=\"wp-page\" data-elementor-id=\"1376\" class=\"elementor elementor-1376\" data-elementor-post-type=\"page\">\n\t\t\t\t<div class=\"elementor-element elementor-element-dbf17e1 e-flex e-con-boxed e-con e-parent\" data-id=\"dbf17e1\" data-element_type=\"container\" data-e-type=\"container\">\n\t\t\t\t\t<div class=\"e-con-inner\">\n\t\t\t\t<div class=\"elementor-element elementor-element-46c967b elementor-widget elementor-widget-text-editor\" data-id=\"46c967b\" data-element_type=\"widget\" data-e-type=\"widget\" data-widget_type=\"text-editor.default\">\n\t\t\t\t<div class=\"elementor-widget-container\">\n\t\t\t\t\t\t\t\t\t<h3><strong>Aviso legal<\/strong><\/h3><p class=\"p1\">\u00daltima actualizaci\u00f3n: 11\/02\/2025<\/p><p class=\"p1\">El presente Aviso Legal regula el acceso y uso del sitio web <span class=\"s1\"><b>https:\/\/www.camilbofill.com<\/b><\/span> (en adelante, \u201cel Sitio Web\u201d), cuyo titular es <span class=\"s1\"><b>Camil Bofill<\/b><\/span> (en adelante, \u201cel Titular\u201d). El acceso y uso de este Sitio Web implica la aceptaci\u00f3n de los t\u00e9rminos y condiciones establecidos a continuaci\u00f3n.<\/p><p class=\"p3\"><b>1. Identificaci\u00f3n del titular<\/b><b><\/b><\/p><p class=\"p1\">El titular del Sitio Web es <span class=\"s1\"><b>Camil Bofill<\/b><\/span>, con correo electr\u00f3nico de contacto web@camilbofill.com.<\/p><p class=\"p3\"><b>2. Condiciones de uso<\/b><b><\/b><\/p><p class=\"p1\">El acceso y la navegaci\u00f3n en el Sitio Web son gratuitos y no requieren registro previo. El usuario se compromete a hacer un uso adecuado de los contenidos y servicios conforme a la legislaci\u00f3n vigente y a este Aviso Legal. Queda prohibido el uso de la web para actividades il\u00edcitas, fraudulentas o que puedan causar da\u00f1o al Titular o a terceros.<\/p><p class=\"p3\"><b>3. Propiedad intelectual e industrial<\/b><b><\/b><\/p><p class=\"p1\">Todos los contenidos del Sitio Web, incluyendo textos, im\u00e1genes, ilustraciones, fotograf\u00edas, dise\u00f1o, estructura y c\u00f3digo fuente, est\u00e1n protegidos por derechos de propiedad intelectual e industrial, perteneciendo al Titular o a terceros con autorizaci\u00f3n expresa.<\/p><p class=\"p1\">Se proh\u00edbe la reproducci\u00f3n, distribuci\u00f3n, comunicaci\u00f3n p\u00fablica o modificaci\u00f3n de los contenidos sin el consentimiento expreso del Titular, salvo en los casos legalmente permitidos.<\/p><p class=\"p3\"><b>4. Responsabilidad<\/b><b><\/b><\/p><p class=\"p1\">El Titular no garantiza la disponibilidad, continuidad o ausencia de errores en el acceso al Sitio Web, aunque realizar\u00e1 los esfuerzos necesarios para corregir cualquier incidencia.<\/p><p class=\"p1\">El Titular no se hace responsable de los da\u00f1os que puedan derivarse del uso inadecuado del Sitio Web ni de la informaci\u00f3n contenida en enlaces externos que redirijan a terceros.<\/p><p class=\"p3\"><b>5. Protecci\u00f3n de datos personales<\/b><b><\/b><\/p><p class=\"p1\">El Sitio Web no recopila datos personales identificables de los usuarios. No obstante, se utilizan cookies de terceros para el an\u00e1lisis del tr\u00e1fico web, conforme a lo establecido en la <span class=\"s1\"><b>Pol\u00edtica de Cookies<\/b><\/span>.<\/p><p class=\"p1\">Para m\u00e1s informaci\u00f3n sobre la recopilaci\u00f3n y tratamiento de datos, el usuario puede consultar la <span class=\"s1\"><b>Pol\u00edtica de Privacidad <\/b><\/span>disponible en el Sitio Web.<\/p><p class=\"p3\"><b>6. Legislaci\u00f3n y jurisdicci\u00f3n aplicable<\/b><b><\/b><\/p><p class=\"p1\">El presente Aviso Legal se rige por la legislaci\u00f3n espa\u00f1ola. En caso de controversia, las partes se someten a la jurisdicci\u00f3n de los tribunales del domicilio del usuario, siempre que este tenga la condici\u00f3n de consumidor. En caso contrario, la resoluci\u00f3n de conflictos se someter\u00e1 a los tribunales de Barcelona.<\/p><p class=\"p1\">Para cualquier consulta sobre este Aviso Legal, el usuario puede contactar a trav\u00e9s de web@camilbofill.com<\/p>\t\t\t\t\t\t\t\t<\/div>\n\t\t\t\t<\/div>\n\t\t\t\t\t<\/div>\n\t\t\t\t<\/div>\n\t\t\t\t<\/div>","protected":false},"excerpt":{"rendered":"<p>Aviso legal \u00daltima actualizaci\u00f3n: 11\/02\/2025 El presente Aviso Legal regula el acceso y uso del sitio web https:\/\/www.camilbofill.com (en adelante, \u201cel Sitio Web\u201d), cuyo titular es Camil Bofill (en adelante, \u201cel Titular\u201d). El acceso y uso de este Sitio Web implica la aceptaci\u00f3n de los t\u00e9rminos y condiciones establecidos a continuaci\u00f3n. 1. Identificaci\u00f3n del titular [&hellip;]<\/p>\n","protected":false},"author":1,"featured_media":0,"parent":0,"menu_order":0,"comment_status":"closed","ping_status":"closed","template":"","meta":{"_acf_changed":false,"footnotes":""},"class_list":["post-1376","page","type-page","status-publish","hentry"],"acf":[],"_links":{"self":[{"href":"https:\/\/www.camilbofill.com\/ca\/wp-json\/wp\/v2\/pages\/1376","targetHints":{"allow":["GET"]}}],"collection":[{"href":"https:\/\/www.camilbofill.com\/ca\/wp-json\/wp\/v2\/pages"}],"about":[{"href":"https:\/\/www.camilbofill.com\/ca\/wp-json\/wp\/v2\/types\/page"}],"author":[{"embeddable":true,"href":"https:\/\/www.camilbofill.com\/ca\/wp-json\/wp\/v2\/users\/1"}],"replies":[{"embeddable":true,"href":"https:\/\/www.camilbofill.com\/ca\/wp-json\/wp\/v2\/comments?post=1376"}],"version-history":[{"count":4,"href":"https:\/\/www.camilbofill.com\/ca\/wp-json\/wp\/v2\/pages\/1376\/revisions"}],"predecessor-version":[{"id":1381,"href":"https:\/\/www.camilbofill.com\/ca\/wp-json\/wp\/v2\/pages\/1376\/revisions\/1381"}],"wp:attachment":[{"href":"https:\/\/www.camilbofill.com\/ca\/wp-json\/wp\/v2\/media?parent=1376"}],"curies":[{"name":"wp","href":"https:\/\/api.w.org\/{rel}","templated":true}]}}