{"id":1336,"date":"2025-02-11T10:09:39","date_gmt":"2025-02-11T09:09:39","guid":{"rendered":"https:\/\/www.camilbofill.com\/?page_id=1336"},"modified":"2025-02-11T10:31:49","modified_gmt":"2025-02-11T09:31:49","slug":"politica-de-cookies","status":"publish","type":"page","link":"https:\/\/www.camilbofill.com\/en\/politica-de-cookies\/","title":{"rendered":"Pol\u00edtica de cookies"},"content":{"rendered":"<div data-elementor-type=\"wp-page\" data-elementor-id=\"1336\" class=\"elementor elementor-1336\" data-elementor-post-type=\"page\">\n\t\t\t\t<div class=\"elementor-element elementor-element-d8a1d0a e-flex e-con-boxed e-con e-parent\" data-id=\"d8a1d0a\" data-element_type=\"container\" data-e-type=\"container\">\n\t\t\t\t\t<div class=\"e-con-inner\">\n\t\t\t\t<div class=\"elementor-element elementor-element-482ea2e elementor-widget elementor-widget-text-editor\" data-id=\"482ea2e\" data-element_type=\"widget\" data-e-type=\"widget\" data-widget_type=\"text-editor.default\">\n\t\t\t\t<div class=\"elementor-widget-container\">\n\t\t\t\t\t\t\t\t\t<h3><strong>Pol\u00edtica de cookies<\/strong><\/h3><p class=\"p1\">En <span class=\"s1\"><b>Camil Bofill<\/b><\/span> (https:\/\/www.camilbofill.com) utilizamos cookies para mejorar tu experiencia de navegaci\u00f3n y ofrecerte contenidos personalizados. En esta p\u00e1gina, te explicamos qu\u00e9 son las cookies, qu\u00e9 tipos utilizamos y c\u00f3mo puedes gestionarlas seg\u00fan tus preferencias.<\/p><p class=\"p3\"><b>1. \u00bfQu\u00e9 son las cookies?<\/b><b><\/b><\/p><p class=\"p1\">Las cookies son peque\u00f1os archivos de texto que se almacenan en tu dispositivo cuando visitas una p\u00e1gina web. Su finalidad es mejorar la funcionalidad del sitio, recordar tus preferencias y recopilar informaci\u00f3n an\u00f3nima sobre el uso de la web.<\/p><p class=\"p3\"><b>2. Tipos de cookies que utilizamos<\/b><b><\/b><\/p><p class=\"p1\">En nuestra web utilizamos los siguientes tipos de cookies:<\/p><p class=\"p4\">\u2022 <span class=\"s1\"><b>Cookies esenciales<\/b><\/span>: Necesarias para el funcionamiento de la web. No pueden desactivarse, ya que sin ellas la web no funcionar\u00eda correctamente.<\/p><p class=\"p4\">\u2022 <span class=\"s1\"><b>Cookies de an\u00e1lisis y rendimiento<\/b><\/span>: Nos ayudan a entender c\u00f3mo los usuarios interact\u00faan con la web y a mejorar su rendimiento.<\/p><p class=\"p4\">\u2022 <span class=\"s1\"><b>Cookies de personalizaci\u00f3n<\/b><\/span>: Permiten recordar tus preferencias para ofrecerte una experiencia m\u00e1s personalizada.<\/p><p class=\"p4\">\u2022 <span class=\"s1\"><b>Cookies de publicidad y redes sociales<\/b><\/span>: Se usan para mostrarte anuncios relevantes y permitir la integraci\u00f3n con redes sociales.<\/p><p class=\"p3\"><b>3. \u00bfC\u00f3mo gestionar y desactivar las cookies?<\/b><b><\/b><\/p><p class=\"p1\">Puedes gestionar o desactivar el uso de cookies en cualquier momento desde la configuraci\u00f3n de tu navegador. A continuaci\u00f3n, te dejamos enlaces a la configuraci\u00f3n de los navegadores m\u00e1s utilizados:<\/p><p class=\"p4\">\u2022 <a href=\"https:\/\/support.google.com\/chrome\/answer\/95647?hl=es\" target=\"_blank\" rel=\"noopener\">Google Chrome<\/a><\/p><p class=\"p4\">\u2022 <a href=\"https:\/\/support.mozilla.org\/es\/kb\/habilitar-y-deshabilitar-cookies-sitios-web\" target=\"_blank\" rel=\"noopener\">Mozilla Firefox<\/a><\/p><p class=\"p4\">\u2022 <a href=\"https:\/\/support.microsoft.com\/es-es\/microsoft-edge\/eliminar-cookies-en-microsoft-edge-63947406-40ac-c3b8-57b9-2a946a29ae09\" target=\"_blank\" rel=\"noopener\">Microsoft Edge<\/a><\/p><p class=\"p4\">\u2022 <a href=\"https:\/\/support.apple.com\/es-es\/guide\/safari\/sfri11471\/mac\" target=\"_blank\" rel=\"noopener\">Safari<\/a><\/p><p class=\"p1\">Adem\u00e1s, puedes modificar tus preferencias en nuestra web desde el <span class=\"s1\"><b>panel de configuraci\u00f3n de cookies<\/b><\/span> disponible en la parte inferior de la p\u00e1gina.<\/p><p class=\"p3\"><b>4. Modificaciones de la pol\u00edtica de cookies<\/b><b><\/b><\/p><p class=\"p1\">Nos reservamos el derecho de modificar esta pol\u00edtica en cualquier momento para adaptarla a nuevas normativas o cambios en nuestra web. Te recomendamos revisar esta p\u00e1gina peri\u00f3dicamente.<\/p><p class=\"p3\"><b>5. Contacto<\/b><b><\/b><\/p><p class=\"p1\">Si tienes alguna duda sobre nuestra pol\u00edtica de cookies, puedes contactar con nosotros en:<\/p><p class=\"p1\"><span class=\"s1\"><b>Email<\/b><\/span>: web@camilbofill.com<\/p>\t\t\t\t\t\t\t\t<\/div>\n\t\t\t\t<\/div>\n\t\t\t\t\t<\/div>\n\t\t\t\t<\/div>\n\t\t\t\t<\/div>","protected":false},"excerpt":{"rendered":"<p>Pol\u00edtica de cookies En Camil Bofill (https:\/\/www.camilbofill.com) utilizamos cookies para mejorar tu experiencia de navegaci\u00f3n y ofrecerte contenidos personalizados. En esta p\u00e1gina, te explicamos qu\u00e9 son las cookies, qu\u00e9 tipos utilizamos y c\u00f3mo puedes gestionarlas seg\u00fan tus preferencias. 1. \u00bfQu\u00e9 son las cookies? Las cookies son peque\u00f1os archivos de texto que se almacenan en tu [&hellip;]<\/p>\n","protected":false},"author":1,"featured_media":0,"parent":0,"menu_order":0,"comment_status":"closed","ping_status":"closed","template":"","meta":{"_acf_changed":false,"footnotes":""},"class_list":["post-1336","page","type-page","status-publish","hentry"],"acf":[],"_links":{"self":[{"href":"https:\/\/www.camilbofill.com\/en\/wp-json\/wp\/v2\/pages\/1336","targetHints":{"allow":["GET"]}}],"collection":[{"href":"https:\/\/www.camilbofill.com\/en\/wp-json\/wp\/v2\/pages"}],"about":[{"href":"https:\/\/www.camilbofill.com\/en\/wp-json\/wp\/v2\/types\/page"}],"author":[{"embeddable":true,"href":"https:\/\/www.camilbofill.com\/en\/wp-json\/wp\/v2\/users\/1"}],"replies":[{"embeddable":true,"href":"https:\/\/www.camilbofill.com\/en\/wp-json\/wp\/v2\/comments?post=1336"}],"version-history":[{"count":7,"href":"https:\/\/www.camilbofill.com\/en\/wp-json\/wp\/v2\/pages\/1336\/revisions"}],"predecessor-version":[{"id":1366,"href":"https:\/\/www.camilbofill.com\/en\/wp-json\/wp\/v2\/pages\/1336\/revisions\/1366"}],"wp:attachment":[{"href":"https:\/\/www.camilbofill.com\/en\/wp-json\/wp\/v2\/media?parent=1336"}],"curies":[{"name":"wp","href":"https:\/\/api.w.org\/{rel}","templated":true}]}}